{"id":16381,"date":"2021-06-02T09:43:44","date_gmt":"2021-06-02T07:43:44","guid":{"rendered":"https:\/\/innohub13.de\/?page_id=16381"},"modified":"2021-10-05T16:08:13","modified_gmt":"2021-10-05T14:08:13","slug":"datenschutz-wa-jitsi","status":"publish","type":"page","link":"https:\/\/innohub13.de\/en\/datenschutz-wa-jitsi\/","title":{"rendered":"Datenschutz WorkAdventure + Jitsi Meet"},"content":{"rendered":"<p>[et_pb_section fb_built=&#8220;1&#8243; disabled_on=&#8220;on|on|&#8220; _builder_version=&#8220;3.25.3&#8243; use_background_color_gradient=&#8220;on&#8220; background_color_gradient_start=&#8220;#005ca9&#8243; background_color_gradient_end=&#8220;#002e55&#8243; background_color_gradient_direction=&#8220;360deg&#8220; background_color_gradient_overlays_image=&#8220;on&#8220; background_position=&#8220;top_center&#8220; inner_width_tablet=&#8220;50px&#8220; inner_max_width_tablet=&#8220;100px&#8220; inner_max_width_phone=&#8220;50px&#8220; custom_margin=&#8220;0px||0px|&#8220; custom_padding=&#8220;0px||0px|&#8220; z_index_tablet=&#8220;500&#8243; box_shadow_horizontal_tablet=&#8220;0px&#8220; box_shadow_vertical_tablet=&#8220;0px&#8220; box_shadow_blur_tablet=&#8220;40px&#8220; box_shadow_spread_tablet=&#8220;0px&#8220; global_colors_info=&#8220;{}&#8220;][et_pb_row column_structure=&#8220;1_3,1_3,1_3&#8243; _builder_version=&#8220;3.25.3&#8243; custom_margin=&#8220;0px|||&#8220; custom_padding=&#8220;15px|||&#8220; z_index_tablet=&#8220;500&#8243; box_shadow_horizontal_tablet=&#8220;0px&#8220; box_shadow_vertical_tablet=&#8220;0px&#8220; box_shadow_blur_tablet=&#8220;40px&#8220; box_shadow_spread_tablet=&#8220;0px&#8220; global_colors_info=&#8220;{}&#8220;][et_pb_column type=&#8220;1_3&#8243; _builder_version=&#8220;3.0.47&#8243; custom_padding=&#8220;|||&#8220; global_colors_info=&#8220;{}&#8220; custom_padding__hover=&#8220;|||&#8220;][et_pb_image src=&#8220;https:\/\/innohub13.de\/wp-content\/uploads\/ih-logo_w.png&#8220; url=&#8220;https:\/\/innohub13.de\/&#8220; admin_label=&#8220;InnoHub Logo&#8220; _builder_version=&#8220;3.25.3&#8243; z_index_tablet=&#8220;500&#8243; box_shadow_horizontal_tablet=&#8220;0px&#8220; box_shadow_vertical_tablet=&#8220;0px&#8220; box_shadow_blur_tablet=&#8220;40px&#8220; box_shadow_spread_tablet=&#8220;0px&#8220; global_colors_info=&#8220;{}&#8220;][\/et_pb_image][\/et_pb_column][et_pb_column type=&#8220;1_3&#8243; _builder_version=&#8220;3.0.47&#8243; custom_padding=&#8220;|||&#8220; global_colors_info=&#8220;{}&#8220; custom_padding__hover=&#8220;|||&#8220;][\/et_pb_column][et_pb_column type=&#8220;1_3&#8243; _builder_version=&#8220;3.0.47&#8243; custom_padding=&#8220;|||&#8220; global_colors_info=&#8220;{}&#8220; custom_padding__hover=&#8220;|||&#8220;][et_pb_image src=&#8220;https:\/\/innohub13.de\/wp-content\/uploads\/Innovative_Hochschule_SonderlogoWeiss.png&#8220; admin_label=&#8220;IHS Logo&#8220; _builder_version=&#8220;3.25.3&#8243; z_index_tablet=&#8220;500&#8243; box_shadow_horizontal_tablet=&#8220;0px&#8220; box_shadow_vertical_tablet=&#8220;0px&#8220; box_shadow_blur_tablet=&#8220;40px&#8220; box_shadow_spread_tablet=&#8220;0px&#8220; global_colors_info=&#8220;{}&#8220;][\/et_pb_image][\/et_pb_column][\/et_pb_row][et_pb_row _builder_version=&#8220;3.25.3&#8243; custom_padding=&#8220;100px|||&#8220; z_index_tablet=&#8220;500&#8243; box_shadow_horizontal_tablet=&#8220;0px&#8220; box_shadow_vertical_tablet=&#8220;0px&#8220; box_shadow_blur_tablet=&#8220;40px&#8220; box_shadow_spread_tablet=&#8220;0px&#8220; global_colors_info=&#8220;{}&#8220;][et_pb_column type=&#8220;4_4&#8243; _builder_version=&#8220;3.0.47&#8243; custom_padding=&#8220;|||&#8220; global_colors_info=&#8220;{}&#8220; custom_padding__hover=&#8220;|||&#8220;][et_pb_text admin_label=&#8220;Headline&#8220; _builder_version=&#8220;4.8.1&#8243; text_text_color=&#8220;#ffffff&#8220; text_font_size=&#8220;40px&#8220; text_line_height=&#8220;1.6em&#8220; background_layout=&#8220;dark&#8220; z_index_tablet=&#8220;500&#8243; text_text_shadow_horizontal_length_tablet=&#8220;0px&#8220; text_text_shadow_vertical_length_tablet=&#8220;0px&#8220; text_text_shadow_blur_strength_tablet=&#8220;1px&#8220; link_text_shadow_horizontal_length_tablet=&#8220;0px&#8220; link_text_shadow_vertical_length_tablet=&#8220;0px&#8220; link_text_shadow_blur_strength_tablet=&#8220;1px&#8220; ul_text_shadow_horizontal_length_tablet=&#8220;0px&#8220; ul_text_shadow_vertical_length_tablet=&#8220;0px&#8220; ul_text_shadow_blur_strength_tablet=&#8220;1px&#8220; ol_text_shadow_horizontal_length_tablet=&#8220;0px&#8220; ol_text_shadow_vertical_length_tablet=&#8220;0px&#8220; ol_text_shadow_blur_strength_tablet=&#8220;1px&#8220; quote_text_shadow_horizontal_length_tablet=&#8220;0px&#8220; quote_text_shadow_vertical_length_tablet=&#8220;0px&#8220; quote_text_shadow_blur_strength_tablet=&#8220;1px&#8220; header_text_shadow_horizontal_length_tablet=&#8220;0px&#8220; header_text_shadow_vertical_length_tablet=&#8220;0px&#8220; header_text_shadow_blur_strength_tablet=&#8220;1px&#8220; header_2_text_shadow_horizontal_length_tablet=&#8220;0px&#8220; header_2_text_shadow_vertical_length_tablet=&#8220;0px&#8220; header_2_text_shadow_blur_strength_tablet=&#8220;1px&#8220; header_3_text_shadow_horizontal_length_tablet=&#8220;0px&#8220; header_3_text_shadow_vertical_length_tablet=&#8220;0px&#8220; header_3_text_shadow_blur_strength_tablet=&#8220;1px&#8220; header_4_text_shadow_horizontal_length_tablet=&#8220;0px&#8220; header_4_text_shadow_vertical_length_tablet=&#8220;0px&#8220; header_4_text_shadow_blur_strength_tablet=&#8220;1px&#8220; header_5_text_shadow_horizontal_length_tablet=&#8220;0px&#8220; header_5_text_shadow_vertical_length_tablet=&#8220;0px&#8220; header_5_text_shadow_blur_strength_tablet=&#8220;1px&#8220; header_6_text_shadow_horizontal_length_tablet=&#8220;0px&#8220; header_6_text_shadow_vertical_length_tablet=&#8220;0px&#8220; header_6_text_shadow_blur_strength_tablet=&#8220;1px&#8220; box_shadow_horizontal_tablet=&#8220;0px&#8220; box_shadow_vertical_tablet=&#8220;0px&#8220; box_shadow_blur_tablet=&#8220;40px&#8220; box_shadow_spread_tablet=&#8220;0px&#8220; text_text_align=&#8220;left&#8220; global_colors_info=&#8220;{}&#8220;]<\/p>\n<p class=\"et_pb_module_header\" style=\"text-align: left;\"><strong>Data protection<\/strong><\/p>\n<p>[\/et_pb_text][\/et_pb_column][\/et_pb_row][\/et_pb_section][et_pb_section fb_built=&#8220;1&#8243; disabled_on=&#8220;|off|on&#8220; _builder_version=&#8220;3.25.3&#8243; use_background_color_gradient=&#8220;on&#8220; background_color_gradient_start=&#8220;#005ca9&#8243; background_color_gradient_end=&#8220;#002e55&#8243; background_color_gradient_direction=&#8220;360deg&#8220; background_color_gradient_overlays_image=&#8220;on&#8220; inner_width_tablet=&#8220;50px&#8220; inner_max_width_tablet=&#8220;100px&#8220; inner_max_width_phone=&#8220;50px&#8220; custom_margin=&#8220;0px||0px|&#8220; custom_padding=&#8220;0px||0px|&#8220; z_index_tablet=&#8220;500&#8243; box_shadow_horizontal_tablet=&#8220;0px&#8220; box_shadow_vertical_tablet=&#8220;0px&#8220; box_shadow_blur_tablet=&#8220;40px&#8220; box_shadow_spread_tablet=&#8220;0px&#8220; global_colors_info=&#8220;{}&#8220;][et_pb_row _builder_version=&#8220;3.25.3&#8243; custom_padding=&#8220;100px|||&#8220; z_index_tablet=&#8220;500&#8243; box_shadow_horizontal_tablet=&#8220;0px&#8220; box_shadow_vertical_tablet=&#8220;0px&#8220; box_shadow_blur_tablet=&#8220;40px&#8220; box_shadow_spread_tablet=&#8220;0px&#8220; global_colors_info=&#8220;{}&#8220;][et_pb_column type=&#8220;4_4&#8243; _builder_version=&#8220;3.0.47&#8243; custom_padding=&#8220;|||&#8220; global_colors_info=&#8220;{}&#8220; custom_padding__hover=&#8220;|||&#8220;][et_pb_text admin_label=&#8220;Headline&#8220; _builder_version=&#8220;4.8.1&#8243; text_text_color=&#8220;#ffffff&#8220; text_font_size=&#8220;33px&#8220; text_line_height=&#8220;1.3em&#8220; background_layout=&#8220;dark&#8220; z_index_tablet=&#8220;500&#8243; text_text_shadow_horizontal_length_tablet=&#8220;0px&#8220; text_text_shadow_vertical_length_tablet=&#8220;0px&#8220; text_text_shadow_blur_strength_tablet=&#8220;1px&#8220; link_text_shadow_horizontal_length_tablet=&#8220;0px&#8220; link_text_shadow_vertical_length_tablet=&#8220;0px&#8220; link_text_shadow_blur_strength_tablet=&#8220;1px&#8220; ul_text_shadow_horizontal_length_tablet=&#8220;0px&#8220; ul_text_shadow_vertical_length_tablet=&#8220;0px&#8220; ul_text_shadow_blur_strength_tablet=&#8220;1px&#8220; ol_text_shadow_horizontal_length_tablet=&#8220;0px&#8220; ol_text_shadow_vertical_length_tablet=&#8220;0px&#8220; ol_text_shadow_blur_strength_tablet=&#8220;1px&#8220; quote_text_shadow_horizontal_length_tablet=&#8220;0px&#8220; quote_text_shadow_vertical_length_tablet=&#8220;0px&#8220; quote_text_shadow_blur_strength_tablet=&#8220;1px&#8220; header_text_shadow_horizontal_length_tablet=&#8220;0px&#8220; header_text_shadow_vertical_length_tablet=&#8220;0px&#8220; header_text_shadow_blur_strength_tablet=&#8220;1px&#8220; header_2_text_shadow_horizontal_length_tablet=&#8220;0px&#8220; header_2_text_shadow_vertical_length_tablet=&#8220;0px&#8220; header_2_text_shadow_blur_strength_tablet=&#8220;1px&#8220; header_3_text_shadow_horizontal_length_tablet=&#8220;0px&#8220; header_3_text_shadow_vertical_length_tablet=&#8220;0px&#8220; header_3_text_shadow_blur_strength_tablet=&#8220;1px&#8220; header_4_text_shadow_horizontal_length_tablet=&#8220;0px&#8220; header_4_text_shadow_vertical_length_tablet=&#8220;0px&#8220; header_4_text_shadow_blur_strength_tablet=&#8220;1px&#8220; header_5_text_shadow_horizontal_length_tablet=&#8220;0px&#8220; header_5_text_shadow_vertical_length_tablet=&#8220;0px&#8220; header_5_text_shadow_blur_strength_tablet=&#8220;1px&#8220; header_6_text_shadow_horizontal_length_tablet=&#8220;0px&#8220; header_6_text_shadow_vertical_length_tablet=&#8220;0px&#8220; header_6_text_shadow_blur_strength_tablet=&#8220;1px&#8220; box_shadow_horizontal_tablet=&#8220;0px&#8220; box_shadow_vertical_tablet=&#8220;0px&#8220; box_shadow_blur_tablet=&#8220;40px&#8220; box_shadow_spread_tablet=&#8220;0px&#8220; text_text_align=&#8220;left&#8220; global_colors_info=&#8220;{}&#8220;]<\/p>\n<p class=\"et_pb_module_header\" style=\"text-align: left;\"><strong>Data protection<\/strong><\/p>\n<p>[\/et_pb_text][\/et_pb_column][\/et_pb_row][\/et_pb_section][et_pb_section fb_built=&#8220;1&#8243; _builder_version=&#8220;3.22&#8243; global_colors_info=&#8220;{}&#8220;][et_pb_row _builder_version=&#8220;3.25&#8243; background_size=&#8220;initial&#8220; background_position=&#8220;top_left&#8220; background_repeat=&#8220;repeat&#8220; global_colors_info=&#8220;{}&#8220;][et_pb_column type=&#8220;4_4&#8243; _builder_version=&#8220;3.0.47&#8243; custom_padding=&#8220;|||&#8220; global_colors_info=&#8220;{}&#8220; custom_padding__hover=&#8220;|||&#8220;][et_pb_text admin_label=&#8220;Impressum Text&#8220; _builder_version=&#8220;4.10.7&#8243; hover_enabled=&#8220;0&#8243; z_index_tablet=&#8220;500&#8243; text_text_shadow_horizontal_length_tablet=&#8220;0px&#8220; text_text_shadow_vertical_length_tablet=&#8220;0px&#8220; text_text_shadow_blur_strength_tablet=&#8220;1px&#8220; link_text_shadow_horizontal_length_tablet=&#8220;0px&#8220; link_text_shadow_vertical_length_tablet=&#8220;0px&#8220; link_text_shadow_blur_strength_tablet=&#8220;1px&#8220; ul_text_shadow_horizontal_length_tablet=&#8220;0px&#8220; ul_text_shadow_vertical_length_tablet=&#8220;0px&#8220; ul_text_shadow_blur_strength_tablet=&#8220;1px&#8220; ol_text_shadow_horizontal_length_tablet=&#8220;0px&#8220; ol_text_shadow_vertical_length_tablet=&#8220;0px&#8220; ol_text_shadow_blur_strength_tablet=&#8220;1px&#8220; quote_text_shadow_horizontal_length_tablet=&#8220;0px&#8220; quote_text_shadow_vertical_length_tablet=&#8220;0px&#8220; quote_text_shadow_blur_strength_tablet=&#8220;1px&#8220; header_text_shadow_horizontal_length_tablet=&#8220;0px&#8220; header_text_shadow_vertical_length_tablet=&#8220;0px&#8220; header_text_shadow_blur_strength_tablet=&#8220;1px&#8220; header_2_text_shadow_horizontal_length_tablet=&#8220;0px&#8220; header_2_text_shadow_vertical_length_tablet=&#8220;0px&#8220; header_2_text_shadow_blur_strength_tablet=&#8220;1px&#8220; header_3_text_shadow_horizontal_length_tablet=&#8220;0px&#8220; header_3_text_shadow_vertical_length_tablet=&#8220;0px&#8220; header_3_text_shadow_blur_strength_tablet=&#8220;1px&#8220; header_4_text_shadow_horizontal_length_tablet=&#8220;0px&#8220; header_4_text_shadow_vertical_length_tablet=&#8220;0px&#8220; header_4_text_shadow_blur_strength_tablet=&#8220;1px&#8220; header_5_text_shadow_horizontal_length_tablet=&#8220;0px&#8220; header_5_text_shadow_vertical_length_tablet=&#8220;0px&#8220; header_5_text_shadow_blur_strength_tablet=&#8220;1px&#8220; header_6_text_shadow_horizontal_length_tablet=&#8220;0px&#8220; header_6_text_shadow_vertical_length_tablet=&#8220;0px&#8220; header_6_text_shadow_blur_strength_tablet=&#8220;1px&#8220; box_shadow_horizontal_tablet=&#8220;0px&#8220; box_shadow_vertical_tablet=&#8220;0px&#8220; box_shadow_blur_tablet=&#8220;40px&#8220; box_shadow_spread_tablet=&#8220;0px&#8220; global_colors_info=&#8220;{}&#8220; sticky_enabled=&#8220;0&#8243;]<\/p>\n<h1>Datenschutzerkl\u00e4rung<\/h1>\n<p>Die Technische Hochschule Wildau verarbeitet Daten von Ihnen, um interaktive Veranstaltungen mit Workadventure und Jitsi Meet durchzuf\u00fchren zu k\u00f6nnen. Mit diesen Datenschutzhinweisen m\u00f6chte die Technische Hochschule Wildau Sie nachstehend gem\u00e4\u00df Art. 13 DSGVO \u00fcber die Verarbeitung Ihrer personenbezogenen Daten informieren.<\/p>\n<ol>\n<li><strong>Verantwortlich f\u00fcr die Datenerhebung ist <\/strong><\/li>\n<\/ol>\n<p>Technical University of Applied Sciences Wildau<br \/>Hochschulring 1<br \/>15745 Wildau<br \/>03375 508 300<br \/><a href=\"mailto:praesidentin@th-wildau.de\">praesidentin@th-wildau.de<\/a><br \/><a href=\"https:\/\/en.th-wildau.de\/\">www.th-wildau.de<\/a><\/p>\n<ol start=\"2\">\n<li><strong>Der\/die Beauftragte f\u00fcr den Datenschutz ist erreichbar unter:<\/strong><\/li>\n<\/ol>\n<p>Daniel Schmohl\u200b<br \/>Hochschulring 1<br \/>15745 Wildau<br \/>03375 508 635<br \/><a href=\"mailto:datenschutz@th-wildau.de\">datenschutz@th-wildau.de<\/a><\/p>\n<p><strong>Erhebung und weitere Verarbeitung<\/strong> <strong>personenbezogener Daten inkl. Art und Zweck der Verwendung<\/strong><\/p>\n<ul>\n<li>Besuch der Webseite<\/li>\n<\/ul>\n<p>Sobald Sie die Webseite, die die interaktive Veranstaltung mit Workadventure und Jitsi Meet anbietet, aufrufen, werden systembedingt gewisse Daten wie IP Adresse, Betriebssystem-\/Browserinformationen und der aktuelle Zeitpunkt an unser System \u00fcbertragen. Diese werden zu Analysezwecken gespeichert, um etwaige Probleme einzelner Teilnehmer oder Fehler in dem System finden und beheben zu k\u00f6nnen. Eine Nutzung der Daten zu anderen Zwecken findet nicht statt.<\/p>\n<ul>\n<li>Darstellung der Avatare<\/li>\n<\/ul>\n<p>Um die aktuelle Position, das Aussehen und den Namen Ihres Avatars f\u00fcr andere Mitglieder sichtbar zu machen und eine Kontaktaufnahme zu erm\u00f6glichen, werden Daten Ihres Computers wie IP Adresse, Betriebssystem- und Browserinformationen sowie die von Ihnen vergebenen Parameter des Avatars (Aussehen, Name, aktuelle Position auf der Karte) verarbeitet und zu Fehleranalysezwecken z.T. mitgeschnitten.<\/p>\n<ul>\n<li>Durchf\u00fchrung von Videokonferenzen<\/li>\n<\/ul>\n<p>Um die Kommunikation zwischen den Teilnehmern zu erm\u00f6glichen, werden Audio- und Video-Daten zwischen den Teilnehmern und dem System \u00fcbertragen. W\u00e4hrend der \u00dcbertragung werden diese verschl\u00fcsselt, m\u00fcssen aber auf dem System entschl\u00fcsselt werden, damit sie weiterverarbeitet werden k\u00f6nnen. Auch wenn es prinzipiell m\u00f6glich ist, werden keine Kommunikationsdaten eingesehen oder mitgeschnitten bzw. gespeichert.<\/p>\n<p>Lediglich automatisch anfallende Daten der Kategorie \u201eINFO\u201c werden vom System geloggt. (https:\/\/desktop.jitsi.org\/Documentation\/LogLevels.html#toc3)<\/p>\n<ul>\n<li>STUN \/ TURN-Server<\/li>\n<\/ul>\n<p>Normalerweise wird w\u00e4hrend der Nutzung von Workadventure und der eingebetteten Videokonferenzen eine direkte Verbindung zwischen den Teilnehmern hergestellt. Sollte dies aus technischen Gr\u00fcnden nicht m\u00f6glich sein, wird ein mit Hilfe eines STUN-\/TURN-Servers eine Verbindung zwischen den Teilnehmern hergestellt. Dieser Server dient nur als \u201erelay\u201c, welcher die Daten zwischen den Clients lediglich durchreicht und keine Daten speichert.<\/p>\n<ul>\n<li>Die Nutzung der Kontaktadresse<\/li>\n<\/ul>\n<p>F\u00fcr etwaige Anfragen kann die Kontaktadresse <a href=\"mailto:info@innohub13.de\">info@innohub13.de<\/a> genutzt werden. Dabei ist es notwendig, dass Sie eine g\u00fcltige E-Mail-Adresse angeben, damit wir die Herkunft der Anfrage \u00fcberpr\u00fcfen und Ihnen ggf. Antworten k\u00f6nnen.<\/p>\n<ol start=\"4\">\n<li><strong>Rechtsgrundlagen der Verarbeitung:<\/strong><\/li>\n<\/ol>\n<p>Ihre personenbezogenen Daten werden auf Grundlage von Art. 6 Abs. 1 Buchst. a DSGVO verarbeitet.<\/p>\n<ol start=\"5\">\n<li><strong>Empf\u00e4nger oder Kategorien von Empf\u00e4ngern der personenbezogenen Daten<\/strong><\/li>\n<\/ol>\n<p>Ihre personenbezogenen Daten werden weitergegeben an:<\/p>\n<ul>\n<li>Andere Teilnehmer<\/li>\n<\/ul>\n<p>um die interaktive Veranstaltung inkl. Kommunikation zwischen den Teilnehmern zu erm\u00f6glichen.<\/p>\n<ul>\n<li>Serveradministratoren<\/li>\n<\/ul>\n<p>um den Service auf m\u00f6gliche Probleme zu \u00fcberwachen und ggf. auftretende Probleme zu l\u00f6sen.<\/p>\n<ol start=\"6\">\n<li><strong>Dauer der Speicherung der personenbezogenen Daten<\/strong><\/li>\n<\/ol>\n<p>Es werden keine Kommunikationsdaten der Teilnehmer gespeichert (Video, Audio, Chat). S\u00e4mtliche erhobenen Kommunikationsdaten werden nur w\u00e4hrend der Nutzung der Dienste verwendet.<\/p>\n<p>Nutzungsdaten wie IP Adresse, Browserinformationen, Zeitpunkt der Nutzung etc. werden zur Problemanalyse maximal 7 Tage vorgehalten.<\/p>\n<ol start=\"7\">\n<li><strong>Betroffenenrechte<\/strong><\/li>\n<\/ol>\n<p>Nach der Datenschutz-Grundverordnung stehen Ihnen folgende Rechte zu:<\/p>\n<p>Werden Ihre personenbezogenen Daten verarbeitet, so haben Sie das Recht Auskunft \u00fcber die zu Ihrer Person gespeicherten Daten zu erhalten (Art. 15 DSGVO).<\/p>\n<p>Sollten unrichtige personenbezogene Daten verarbeitet werden, steht Ihnen ein Recht auf Berichtigung zu (Art. 16 DSGVO).<\/p>\n<p>Liegen die gesetzlichen Voraussetzungen vor, so k\u00f6nnen Sie die L\u00f6schung oder Einschr\u00e4nkung der Verarbeitung verlangen sowie Widerspruch gegen die Verarbeitung einlegen (Art. 17, 18 und 21 DSGVO).<\/p>\n<p>Wenn Sie in die Datenverarbeitung eingewilligt haben oder ein Vertrag zur Datenverarbeitung besteht und die Datenverarbeitung mithilfe automatisierter Verfahren durchgef\u00fchrt wird, steht Ihnen gegebenenfalls ein Recht auf Daten\u00fcbertragbarkeit zu (Art. 20 DSGVO).<\/p>\n<p>Sollten Sie von Ihren oben genannten Rechten Gebrauch machen, pr\u00fcft die \u00f6ffentliche Stelle, ob die gesetzlichen Voraussetzungen hierf\u00fcr erf\u00fcllt sind.<\/p>\n<ol start=\"8\">\n<li><strong>Widerrufsrecht bei Einwilligung<\/strong><\/li>\n<\/ol>\n<p>Wenn Sie in die Verarbeitung durch die Technische Hochschule Wildau durch eine entsprechende Erkl\u00e4rung eingewilligt haben, k\u00f6nnen Sie die Einwilligung jederzeit f\u00fcr die Zukunft widerrufen. Die Rechtm\u00e4\u00dfigkeit der aufgrund der Einwilligung bis zum Widerruf erfolgten Datenverarbeitung wird durch diesen nicht ber\u00fchrt.<\/p>\n<ol start=\"9\">\n<li><strong>Beschwerderecht<\/strong><\/li>\n<\/ol>\n<p>Jede betroffene Person hat das Recht auf Beschwerde bei der Aufsichtsbeh\u00f6rde, wenn sie der Ansicht ist, dass ihre personenbezogenen Daten rechtswidrig verarbeitet werden.<\/p>\n<p>Wenn Sie sich an die Landesbeauftragte f\u00fcr den Datenschutz und f\u00fcr das Recht auf Akteneinsicht wenden m\u00f6chten, k\u00f6nnen Sie sie wie folgt kontaktieren:<\/p>\n<p>Die Landesbeauftragte f\u00fcr den Datenschutz und f\u00fcr das Recht auf Akteneinsicht<br \/>Dagmar Hartge<br \/>Stahnsdorfer Damm 77<br \/>14532 Kleinmachnow<br \/>Telefon: 033203\/356-0<br \/>Telefax: 033203\/356-49<br \/>E-Mail: <a href=\"mailto:Poststelle@LDA.Brandenburg.de\">Poststelle@LDA.Brandenburg.de<\/a><\/p>\n<p>Weitere Informationen k\u00f6nnen Sie dem offiziellem Internetauftritt der Landesbeauftragten unter <a href=\"http:\/\/www.lda.brandenburg.de\">http:\/\/www.lda.brandenburg.de<\/a> entnehmen.<\/p>\n<p>[\/et_pb_text][\/et_pb_column][\/et_pb_row][\/et_pb_section][et_pb_section fb_built=&#8220;1&#8243; admin_label=&#8220;Sektion Logo Footer&#8220; _builder_version=&#8220;4.8.1&#8243; background_color=&#8220;#FFFFFF&#8220; inner_width_tablet=&#8220;50px&#8220; inner_max_width_tablet=&#8220;100px&#8220; inner_max_width_phone=&#8220;50px&#8220; custom_margin=&#8220;0px||0px|&#8220; custom_padding=&#8220;0px||0px|&#8220; z_index_tablet=&#8220;500&#8243; box_shadow_horizontal_tablet=&#8220;0px&#8220; box_shadow_vertical_tablet=&#8220;0px&#8220; box_shadow_blur_tablet=&#8220;40px&#8220; box_shadow_spread_tablet=&#8220;0px&#8220; global_module=&#8220;7758&#8243; locked=&#8220;off&#8220; collapsed=&#8220;on&#8220; global_colors_info=&#8220;{}&#8220;][et_pb_row _builder_version=&#8220;3.25.3&#8243; collapsed=&#8220;off&#8220; global_colors_info=&#8220;{}&#8220;][et_pb_column type=&#8220;4_4&#8243; _builder_version=&#8220;3.0.47&#8243; custom_padding=&#8220;|||&#8220; global_colors_info=&#8220;{}&#8220; custom_padding__hover=&#8220;|||&#8220;][et_pb_text admin_label=&#8220;F\u00f6rdersatz&#8220; _builder_version=&#8220;3.27.4&#8243; custom_margin=&#8220;||0px|&#8220; custom_padding=&#8220;||0px|&#8220; z_index_tablet=&#8220;500&#8243; text_text_shadow_horizontal_length_tablet=&#8220;0px&#8220; text_text_shadow_vertical_length_tablet=&#8220;0px&#8220; text_text_shadow_blur_strength_tablet=&#8220;1px&#8220; link_text_shadow_horizontal_length_tablet=&#8220;0px&#8220; link_text_shadow_vertical_length_tablet=&#8220;0px&#8220; link_text_shadow_blur_strength_tablet=&#8220;1px&#8220; ul_text_shadow_horizontal_length_tablet=&#8220;0px&#8220; ul_text_shadow_vertical_length_tablet=&#8220;0px&#8220; ul_text_shadow_blur_strength_tablet=&#8220;1px&#8220; ol_text_shadow_horizontal_length_tablet=&#8220;0px&#8220; ol_text_shadow_vertical_length_tablet=&#8220;0px&#8220; ol_text_shadow_blur_strength_tablet=&#8220;1px&#8220; quote_text_shadow_horizontal_length_tablet=&#8220;0px&#8220; quote_text_shadow_vertical_length_tablet=&#8220;0px&#8220; quote_text_shadow_blur_strength_tablet=&#8220;1px&#8220; header_text_shadow_horizontal_length_tablet=&#8220;0px&#8220; header_text_shadow_vertical_length_tablet=&#8220;0px&#8220; header_text_shadow_blur_strength_tablet=&#8220;1px&#8220; header_2_text_shadow_horizontal_length_tablet=&#8220;0px&#8220; header_2_text_shadow_vertical_length_tablet=&#8220;0px&#8220; header_2_text_shadow_blur_strength_tablet=&#8220;1px&#8220; header_3_text_shadow_horizontal_length_tablet=&#8220;0px&#8220; header_3_text_shadow_vertical_length_tablet=&#8220;0px&#8220; header_3_text_shadow_blur_strength_tablet=&#8220;1px&#8220; header_4_text_shadow_horizontal_length_tablet=&#8220;0px&#8220; header_4_text_shadow_vertical_length_tablet=&#8220;0px&#8220; header_4_text_shadow_blur_strength_tablet=&#8220;1px&#8220; header_5_text_shadow_horizontal_length_tablet=&#8220;0px&#8220; header_5_text_shadow_vertical_length_tablet=&#8220;0px&#8220; header_5_text_shadow_blur_strength_tablet=&#8220;1px&#8220; header_6_text_shadow_horizontal_length_tablet=&#8220;0px&#8220; header_6_text_shadow_vertical_length_tablet=&#8220;0px&#8220; header_6_text_shadow_blur_strength_tablet=&#8220;1px&#8220; box_shadow_horizontal_tablet=&#8220;0px&#8220; box_shadow_vertical_tablet=&#8220;0px&#8220; box_shadow_blur_tablet=&#8220;40px&#8220; box_shadow_spread_tablet=&#8220;0px&#8220; global_colors_info=&#8220;{}&#8220;]<\/p>\n<p class=\" translation-block\">The <strong>\"Innovation Hub 13 - Fast Track to Transfer\" <\/strong>of the Technical University of Wildau and the Brandenburg Technical University of Cottbus-Senftenberg is one of the 29 selected winners of the federal government funding initiative \"Innovative College\", equipped with funds of the Federal Ministry of Education and Research BMBF And the state of Brandenburg. Further information can be found at <a href=\"https:\/\/www.innovative-hochschule.de\/de\/startseite\" target=\"_blank\" rel=\"noopener noreferrer external\" data-wpel-link=\"external\" class=\"wpel-icon-right\">www.innovative-hochschule.de<span class=\"wpel-icon wpel-image wpel-icon-6\"><\/span><\/a><\/p>\n<p>[\/et_pb_text][et_pb_image src=&#8220;https:\/\/innohub13.de\/wp-content\/uploads\/Logoleiste_InnovationHub13_Webseite.png&#8220; admin_label=&#8220;Logoleiste&#8220; _builder_version=&#8220;3.25.3&#8243; custom_margin=&#8220;30px||0px|&#8220; custom_padding=&#8220;||0px|&#8220; z_index_tablet=&#8220;500&#8243; box_shadow_horizontal_tablet=&#8220;0px&#8220; box_shadow_vertical_tablet=&#8220;0px&#8220; box_shadow_blur_tablet=&#8220;40px&#8220; box_shadow_spread_tablet=&#8220;0px&#8220; global_colors_info=&#8220;{}&#8220;][\/et_pb_image][\/et_pb_column][\/et_pb_row][\/et_pb_section]<\/p>","protected":false},"excerpt":{"rendered":"<p>DatenschutzDatenschutzDatenschutzerkl\u00e4rung Die Technische Hochschule Wildau verarbeitet Daten von Ihnen, um interaktive Veranstaltungen mit Workadventure und Jitsi Meet durchzuf\u00fchren zu k\u00f6nnen. Mit diesen Datenschutzhinweisen m\u00f6chte die Technische Hochschule Wildau Sie nachstehend [&hellip;]<\/p>","protected":false},"author":22,"featured_media":0,"parent":0,"menu_order":0,"comment_status":"closed","ping_status":"closed","template":"","meta":{"_et_pb_use_builder":"on","_et_pb_old_content":"","_et_gb_content_width":""},"_links":{"self":[{"href":"https:\/\/innohub13.de\/en\/wp-json\/wp\/v2\/pages\/16381"}],"collection":[{"href":"https:\/\/innohub13.de\/en\/wp-json\/wp\/v2\/pages"}],"about":[{"href":"https:\/\/innohub13.de\/en\/wp-json\/wp\/v2\/types\/page"}],"author":[{"embeddable":true,"href":"https:\/\/innohub13.de\/en\/wp-json\/wp\/v2\/users\/22"}],"replies":[{"embeddable":true,"href":"https:\/\/innohub13.de\/en\/wp-json\/wp\/v2\/comments?post=16381"}],"version-history":[{"count":6,"href":"https:\/\/innohub13.de\/en\/wp-json\/wp\/v2\/pages\/16381\/revisions"}],"predecessor-version":[{"id":20168,"href":"https:\/\/innohub13.de\/en\/wp-json\/wp\/v2\/pages\/16381\/revisions\/20168"}],"wp:attachment":[{"href":"https:\/\/innohub13.de\/en\/wp-json\/wp\/v2\/media?parent=16381"}],"curies":[{"name":"wp","href":"https:\/\/api.w.org\/{rel}","templated":true}]}}